{"id":28427,"date":"2025-11-18T11:21:48","date_gmt":"2025-11-18T10:21:48","guid":{"rendered":"https:\/\/goosmann-anbauteile.de\/?post_type=product&#038;p=28427"},"modified":"2025-11-18T11:27:01","modified_gmt":"2025-11-18T10:27:01","slug":"tiefenloeffel-mit-zaehne-nr-50-1370mm","status":"publish","type":"product","link":"https:\/\/goosmann-anbauteile.de\/en\/produkt\/tiefenloeffel-mit-zaehne-nr-50-1370mm\/","title":{"rendered":"Tiefenl\u00f6ffel auf CW40 mit Z\u00e4hne Nr. 50, 1370mm"},"content":{"rendered":"","protected":false},"excerpt":{"rendered":"<p>Tiefenl\u00f6ffel mit Z\u00e4hne 1370 mm<\/p>\n","protected":false},"featured_media":28428,"template":"","meta":{"neve_meta_sidebar":"","neve_meta_container":"","neve_meta_enable_content_width":"off","neve_meta_content_width":100,"neve_meta_title_alignment":"","neve_meta_author_avatar":"","neve_post_elements_order":"","neve_meta_disable_header":"","neve_meta_disable_footer":"","neve_meta_disable_title":"","neve_meta_reading_time":""},"product_brand":[],"product_cat":[175,178],"product_tag":[],"class_list":{"0":"post-28427","1":"product","2":"type-product","3":"status-publish","4":"has-post-thumbnail","6":"product_cat-anbauteile","7":"product_cat-tiefenloeffel","9":"first","10":"instock","11":"shipping-taxable","12":"product-type-simple"},"_links":{"self":[{"href":"https:\/\/goosmann-anbauteile.de\/en\/wp-json\/wp\/v2\/product\/28427","targetHints":{"allow":["GET"]}}],"collection":[{"href":"https:\/\/goosmann-anbauteile.de\/en\/wp-json\/wp\/v2\/product"}],"about":[{"href":"https:\/\/goosmann-anbauteile.de\/en\/wp-json\/wp\/v2\/types\/product"}],"wp:featuredmedia":[{"embeddable":true,"href":"https:\/\/goosmann-anbauteile.de\/en\/wp-json\/wp\/v2\/media\/28428"}],"wp:attachment":[{"href":"https:\/\/goosmann-anbauteile.de\/en\/wp-json\/wp\/v2\/media?parent=28427"}],"wp:term":[{"taxonomy":"product_brand","embeddable":true,"href":"https:\/\/goosmann-anbauteile.de\/en\/wp-json\/wp\/v2\/product_brand?post=28427"},{"taxonomy":"product_cat","embeddable":true,"href":"https:\/\/goosmann-anbauteile.de\/en\/wp-json\/wp\/v2\/product_cat?post=28427"},{"taxonomy":"product_tag","embeddable":true,"href":"https:\/\/goosmann-anbauteile.de\/en\/wp-json\/wp\/v2\/product_tag?post=28427"}],"curies":[{"name":"wp","href":"https:\/\/api.w.org\/{rel}","templated":true}]}}